{"id":7,"date":"2024-04-07T14:11:19","date_gmt":"2024-04-07T12:11:19","guid":{"rendered":"http:\/\/localhost:8500\/?page_id=7"},"modified":"2025-06-24T19:22:55","modified_gmt":"2025-06-24T17:22:55","slug":"faq","status":"publish","type":"page","link":"https:\/\/www.landesdolmetscherzentrale-gebaerdensprache.de\/dolmetscherdatenbank\/faq\/","title":{"rendered":"FAQ &#8211; Fragen und Antworten"},"content":{"rendered":"<h4><strong><span style=\"color: #2A6B43;\">FAQ &#8211; Fragen und Antworten<\/span><\/strong><\/h4>\n<p>&nbsp;<\/p>\n<div class=\"page-content-box col-xs-12\">\n<div class=\"col-xs-2\"><\/div>\n<div class=\"col-xs-10\"><strong>Und so finden Sie Ihren Dolmetscher!<\/strong>In das Suchfeld \u201c<strong>Wof\u00fcr brauchen Sie einen Dolmetscher?<\/strong>\u201d geben Sie einfach den Anlass an und klicken anschlie\u00dfend auf \u201c<strong>Suche(n)<\/strong>\u201d. Haben Sie z.B. den Begriff \u201cArzt\u201d eintragen, dann werden Ihnen alle Dolmetscher\/Innen angezeigt, welche f\u00fcr diesen Anlass geeignet sind.<\/p>\n<p>Sie k\u00f6nnen Sie <strong>Suche auch eingrenzen<\/strong>, indem Sie in das Feld \u201c<strong>In der N\u00e4he von<\/strong>\u201d eine Postleitzahl oder einen Ort angeben.<\/p>\n<\/div>\n<\/div>\n<p>&nbsp;<\/p>\n<div class=\"page-content-box col-xs-12\">\n<div class=\"col-xs-2\"><\/div>\n<div class=\"col-xs-10\"><strong>So k\u00f6nnen Sie sich in die Datenbank eintragen!<\/strong>Sie m\u00f6chten ebenfalls in der Dolmetscherdatenbank gelistet sein und zuk\u00fcnftig mehr Auftr\u00e4ge als Geb\u00e4rdensprachdolmetscher erhalten? Wir erkl\u00e4ren Ihnen sehr gerne wie Sie einen Eintrag vornehmen k\u00f6nnen. Bitte setzen Sie sich mit uns in Verbindung.<br \/>\n<a title=\"Das Team &amp; die Kontaktm\u00f6glichkeiten der Landesdolmetscherzentral f\u00fcr Geh\u00f6rlose und Geb\u00e4rdensprache.\" href=\"https:\/\/landesdolmetscherzentrale-gebaerdensprache.de\/ueber-uns\/team-kontaktmoeglichkeiten\/\" target=\"_blank\" rel=\"noopener\">Hier gelangen Sie zu den Kontaktm\u00f6glichkeiten.<\/a><\/p>\n<\/div>\n<\/div>\n","protected":false},"excerpt":{"rendered":"<p>FAQ &#8211; Fragen und Antworten &nbsp; Und so finden Sie Ihren Dolmetscher!In das Suchfeld \u201cWof\u00fcr brauchen Sie einen Dolmetscher?\u201d geben Sie einfach den Anlass an und klicken anschlie\u00dfend auf \u201cSuche(n)\u201d. Haben Sie z.B. den Begriff \u201cArzt\u201d eintragen, dann werden Ihnen alle Dolmetscher\/Innen angezeigt, welche f\u00fcr diesen Anlass geeignet sind. Sie k\u00f6nnen Sie Suche auch eingrenzen, [&hellip;]<\/p>\n","protected":false},"author":1,"featured_media":0,"parent":0,"menu_order":0,"comment_status":"closed","ping_status":"closed","template":"","meta":{"footnotes":""},"class_list":["post-7","page","type-page","status-publish","hentry"],"_links":{"self":[{"href":"https:\/\/www.landesdolmetscherzentrale-gebaerdensprache.de\/dolmetscherdatenbank\/wp-json\/wp\/v2\/pages\/7","targetHints":{"allow":["GET"]}}],"collection":[{"href":"https:\/\/www.landesdolmetscherzentrale-gebaerdensprache.de\/dolmetscherdatenbank\/wp-json\/wp\/v2\/pages"}],"about":[{"href":"https:\/\/www.landesdolmetscherzentrale-gebaerdensprache.de\/dolmetscherdatenbank\/wp-json\/wp\/v2\/types\/page"}],"author":[{"embeddable":true,"href":"https:\/\/www.landesdolmetscherzentrale-gebaerdensprache.de\/dolmetscherdatenbank\/wp-json\/wp\/v2\/users\/1"}],"replies":[{"embeddable":true,"href":"https:\/\/www.landesdolmetscherzentrale-gebaerdensprache.de\/dolmetscherdatenbank\/wp-json\/wp\/v2\/comments?post=7"}],"version-history":[{"count":6,"href":"https:\/\/www.landesdolmetscherzentrale-gebaerdensprache.de\/dolmetscherdatenbank\/wp-json\/wp\/v2\/pages\/7\/revisions"}],"predecessor-version":[{"id":590,"href":"https:\/\/www.landesdolmetscherzentrale-gebaerdensprache.de\/dolmetscherdatenbank\/wp-json\/wp\/v2\/pages\/7\/revisions\/590"}],"wp:attachment":[{"href":"https:\/\/www.landesdolmetscherzentrale-gebaerdensprache.de\/dolmetscherdatenbank\/wp-json\/wp\/v2\/media?parent=7"}],"curies":[{"name":"wp","href":"https:\/\/api.w.org\/{rel}","templated":true}]}}